{"id":156,"date":"2018-12-13T10:50:37","date_gmt":"2018-12-13T09:50:37","guid":{"rendered":"https:\/\/test1.infogest.pro\/?page_id=156"},"modified":"2018-12-14T17:28:10","modified_gmt":"2018-12-14T16:28:10","slug":"unser-a-la-carte-menu","status":"publish","type":"page","link":"https:\/\/alborgoantico.info\/index.php\/de\/unser-a-la-carte-menu\/","title":{"rendered":"Unser \u00e0 la Carte Men\u00fc"},"content":{"rendered":"\n<p><strong>Vorspeisen<\/strong><\/p>\n\n\n\n<p>Borgo Antico Vorspeise f\u00fcr 2 Personen \u20ac 12,00 jeder<br>Platte von Aufschnitt und \u201egnocco fritto\u201c \u20ac 10,00<br>H\u00fclsenfr\u00fcchten Pie mit Bagoss Fondue \u20ac 10,00<br>Storo volle Polenta mit sautierten Steinpilzen \u20ac 10,00<br>Beef Tartare mit Messer mit schwarzem Tr\u00fcffel aus Valtenesi \u20ac 12,00<br>Culatello mit Melone Bavarois \u20ac 10,00<br>Marinierte Marinade mit Schnittlauch \u20ac 10,00<\/p>\n\n\n\n<p><strong>Erste G\u00e4nge<\/strong><\/p>\n\n\n\n<p>Risotto mit Erdbeeren und Parmesan-Eis \u20ac 12,00<br>Risotto mit Bagos und Tr\u00fcffel 12,00 \u20ac<br>Casoncelli von Barbariga mit Butter und Salbei 12,00 \u20ac<br>Mantua K\u00fcrbis Tortelli 12,00 \u20ac<br>Pappardelle mit Salami Wild \u20ac 12,00<br>Bigoli mit Innenhof Ragu 12,00 \u20ac<\/p>\n\n\n\n<p><strong>Zweite G\u00e4nge<\/strong><\/p>\n\n\n\n<p>\u201eScottona\u201c T-bone Steak 5,00 \u20ac pro Hektogramm<br>Geschnittenes Rindfleisch mit Rosmarin \u20ac 15,00<br>Angusfilet mit rosa Pfeffer und Tr\u00fcffel \u20ac 20,00<br>Schweinefilet in Pancetta-Kruste und Apfelmus \u20ac 20,00<br>Entenbrust mit Orangen- und Akazienhonig \u20ac 14,00<br>Gegrillter Felchen mit Zitronencreme \u20ac 15,00<\/p>\n\n\n\n<p><strong>K\u00e4se<\/strong><\/p>\n\n\n\n<p>Palette von s\u00fc\u00dfen und w\u00fcrzigen K\u00e4se mit marmelade und Steward \u20ac 10,00<\/p>\n\n\n\n<p><strong>Unsere Desserts<\/strong><\/p>\n\n\n\n<p>Tiramis\u00f9 \u20ac 5,00<br>Bayerische Himbeer- und Schokoladencreme \u20ac 5,00<br>Catalana mit karamellisiertem Rohzucker \u20ac 5,00<br>Panna Cotta mit Erdbeeren \u20ac 5,00<br>Shortbread Basket mit Vanillecreme und Beeren \u20ac 5,00<br>Vorschl\u00e4ge des Tages \u20ac 5,00<\/p>\n\n\n\n<p>Kaffee \u20ac 2,00<br>Gedeck \u20ac 3,00<\/p>\n","protected":false},"excerpt":{"rendered":"<p>Vorspeisen Borgo Antico Vorspeise f\u00fcr 2 Personen \u20ac 12,00 jederPlatte von Aufschnitt und \u201egnocco fritto\u201c \u20ac 10,00H\u00fclsenfr\u00fcchten Pie mit Bagoss Fondue \u20ac 10,00Storo volle Polenta mit sautierten Steinpilzen \u20ac 10,00Beef Tartare mit Messer mit schwarzem Tr\u00fcffel aus Valtenesi \u20ac 12,00Culatello mit Melone Bavarois \u20ac 10,00Marinierte Marinade mit Schnittlauch \u20ac 10,00<span class=\"more-link\"><a href=\"https:\/\/alborgoantico.info\/index.php\/de\/unser-a-la-carte-menu\/\">Continue&#8230;<\/a><\/span><\/p>\n","protected":false},"author":1,"featured_media":0,"parent":0,"menu_order":0,"comment_status":"closed","ping_status":"closed","template":"","meta":{"ngg_post_thumbnail":0},"_links":{"self":[{"href":"https:\/\/alborgoantico.info\/index.php\/wp-json\/wp\/v2\/pages\/156"}],"collection":[{"href":"https:\/\/alborgoantico.info\/index.php\/wp-json\/wp\/v2\/pages"}],"about":[{"href":"https:\/\/alborgoantico.info\/index.php\/wp-json\/wp\/v2\/types\/page"}],"author":[{"embeddable":true,"href":"https:\/\/alborgoantico.info\/index.php\/wp-json\/wp\/v2\/users\/1"}],"replies":[{"embeddable":true,"href":"https:\/\/alborgoantico.info\/index.php\/wp-json\/wp\/v2\/comments?post=156"}],"version-history":[{"count":2,"href":"https:\/\/alborgoantico.info\/index.php\/wp-json\/wp\/v2\/pages\/156\/revisions"}],"predecessor-version":[{"id":351,"href":"https:\/\/alborgoantico.info\/index.php\/wp-json\/wp\/v2\/pages\/156\/revisions\/351"}],"wp:attachment":[{"href":"https:\/\/alborgoantico.info\/index.php\/wp-json\/wp\/v2\/media?parent=156"}],"curies":[{"name":"wp","href":"https:\/\/api.w.org\/{rel}","templated":true}]}}